{"id":11993,"date":"2024-04-03T19:09:08","date_gmt":"2024-04-03T19:09:08","guid":{"rendered":"https:\/\/evea.ee\/rose-estonia\/?page_id=11993"},"modified":"2024-10-07T22:11:11","modified_gmt":"2024-10-07T22:11:11","slug":"kontakt","status":"publish","type":"page","link":"https:\/\/evea.ee\/rose-estonia\/kontakt\/","title":{"rendered":"Kontakt"},"content":{"rendered":"<h4>ROSE-Estonia kontaktid:<\/h4>\n<div>\n<div class=\"el-meta uk-text-muted uk-margin-top\">Projekti koordinaator:<\/div>\n<div class=\"el-title uk-h5 uk-margin-small-top uk-margin-remove-bottom\"><strong>LEHO VERK<\/strong><br \/>E-post: <a href=\"mailto:leho@evea.ee\" target=\"_blank\" rel=\"noopener\">leho@evea.ee<\/a><\/div>\n<\/div>\n<div>\n<div class=\"el-meta uk-text-muted uk-margin-top\">Projekti koordinaator:<\/div>\n<div class=\"el-title uk-h5 uk-margin-small-top uk-margin-remove-bottom\"><strong>MARINA KAAS<\/strong><br \/>E-post: <a href=\"mailto:marina@evea.ee\" target=\"_blank\" rel=\"noopener\">marina@evea.ee<\/a><\/div>\n<\/div>\n<div>\n<div class=\"el-meta uk-text-muted uk-margin-top\">Kommunikatsioon:<\/div>\n<div class=\"el-title uk-h5 uk-margin-small-top uk-margin-remove-bottom\"><strong>KRISTA REBANE<\/strong><br \/>E-post: <a href=\"mailto:krista@evea.ee\" target=\"_blank\" rel=\"noopener\">krista@evea.ee<\/a><\/div>\n<\/div>\n<h4>SAATKE MEILE KIRI:<\/h4>\n<div>\n\n<div class=\"wpcf7 no-js\" id=\"wpcf7-f12460-o1\" lang=\"et\" dir=\"ltr\" data-wpcf7-id=\"12460\">\n<div class=\"screen-reader-response\"><p role=\"status\" aria-live=\"polite\" aria-atomic=\"true\"><\/p> <ul><\/ul><\/div>\n<form action=\"\/rose-estonia\/wp-json\/wp\/v2\/pages\/11993#wpcf7-f12460-o1\" method=\"post\" class=\"wpcf7-form init\" aria-label=\"Contact form\" novalidate=\"novalidate\" data-status=\"init\">\n<div style=\"display: none;\">\n<input type=\"hidden\" name=\"_wpcf7\" value=\"12460\" \/>\n<input type=\"hidden\" name=\"_wpcf7_version\" value=\"6.0.5\" \/>\n<input type=\"hidden\" name=\"_wpcf7_locale\" value=\"et\" \/>\n<input type=\"hidden\" name=\"_wpcf7_unit_tag\" value=\"wpcf7-f12460-o1\" \/>\n<input type=\"hidden\" name=\"_wpcf7_container_post\" value=\"0\" \/>\n<input type=\"hidden\" name=\"_wpcf7_posted_data_hash\" value=\"\" \/>\n<input type=\"hidden\" name=\"_wpcf7_recaptcha_response\" value=\"\" \/>\n<\/div>\n<p><label><span class=\"wpcf7-form-control-wrap\" data-name=\"your-teienimi\"><input size=\"40\" maxlength=\"400\" class=\"wpcf7-form-control wpcf7-text wpcf7-validates-as-required\" aria-required=\"true\" aria-invalid=\"false\" placeholder=\"TEIE NIMI *\" value=\"\" type=\"text\" name=\"your-teienimi\" \/><\/span> <\/label><br \/>\n<label><span class=\"wpcf7-form-control-wrap\" data-name=\"your-epost\"><input size=\"40\" maxlength=\"400\" class=\"wpcf7-form-control wpcf7-email wpcf7-validates-as-required wpcf7-text wpcf7-validates-as-email\" aria-required=\"true\" aria-invalid=\"false\" placeholder=\"E-POSTI AADRESS *\" value=\"\" type=\"email\" name=\"your-epost\" \/><\/span> <\/label><br \/>\n<label><span class=\"wpcf7-form-control-wrap\" data-name=\"your-sisu\"><textarea cols=\"40\" rows=\"10\" maxlength=\"2000\" class=\"wpcf7-form-control wpcf7-textarea wpcf7-validates-as-required\" aria-required=\"true\" aria-invalid=\"false\" placeholder=\"SISU *\" name=\"your-sisu\"><\/textarea><\/span> <\/label><br \/>\n<input class=\"wpcf7-form-control wpcf7-submit has-spinner\" type=\"submit\" value=\"SAADA\" \/>\n<\/p><p style=\"display: none !important;\" class=\"akismet-fields-container\" data-prefix=\"_wpcf7_ak_\"><label>&#916;<textarea name=\"_wpcf7_ak_hp_textarea\" cols=\"45\" rows=\"8\" maxlength=\"100\"><\/textarea><\/label><input type=\"hidden\" id=\"ak_js_1\" name=\"_wpcf7_ak_js\" value=\"3\"\/><script>document.getElementById( \"ak_js_1\" ).setAttribute( \"value\", ( new Date() ).getTime() );<\/script><\/p><div class=\"wpcf7-response-output\" aria-hidden=\"true\"><\/div>\n<\/form>\n<\/div>\n<\/div>\n<h2>\n<p>Kas teil on lisak\u00fcsimusi?<\/p>\n<p>V\u00f5tke meiega julgelt \u00fchendust.<\/p>\n<\/h2>\n<p>\n    <a href=\"https:\/\/evea.ee\/rose-estonia\/kontakt\/\">KONTAKT<\/a>\n<\/p>\n<p>\n    <a href=\"tel:+372 6410920\">+372 6410920<\/a>\n<\/p>\n<p><!--more--><br \/>\n<!-- {\"type\":\"layout\",\"children\":[{\"type\":\"section\",\"props\":{\"class\":\"kontaktidmeil\",\"id\":\"kontaktidmeil\",\"image_position\":\"center-center\",\"padding\":\"small\",\"padding_remove_bottom\":false,\"padding_remove_top\":false,\"style\":\"default\",\"title_breakpoint\":\"xl\",\"title_position\":\"top-left\",\"title_rotation\":\"left\",\"vertical_align\":\"\",\"width\":\"xlarge\"},\"children\":[{\"type\":\"row\",\"props\":{\"column_gap\":\"large\",\"layout\":\"1-2,1-2\",\"row_gap\":\"large\"},\"children\":[{\"type\":\"column\",\"props\":{\"image_position\":\"center-center\",\"position_sticky_breakpoint\":\"m\",\"style\":\"card-secondary\",\"width_medium\":\"1-2\"},\"children\":[{\"type\":\"divider\",\"props\":{\"animation\":\"none\",\"divider_align\":\"left\",\"divider_align_breakpoint\":\"l\",\"divider_align_fallback\":\"center\",\"divider_element\":\"div\",\"divider_style\":\"small\",\"parallax_x\":\"150,0\"}},{\"type\":\"headline\",\"props\":{\"content\":\"ROSE-Estonia kontaktid:\",\"margin\":\"default\",\"margin_remove_bottom\":true,\"position\":\"relative\",\"position_z_index\":\"1\",\"text_align\":\"left\",\"text_align_breakpoint\":\"m\",\"text_align_fallback\":\"center\",\"title_element\":\"h4\"},\"name\":\"ROSE-Estonia kontaktid\"},{\"type\":\"text\",\"props\":{\"column_breakpoint\":\"m\",\"content\":\"\n\n<div class=\\\"el-meta uk-text-muted uk-margin-top\\\">Projekti koordinaator:<\\\/div>\\n\n\n<div class=\\\"el-title uk-h5 uk-margin-small-top uk-margin-remove-bottom\\\"><strong>LEHO VERK<\\\/strong><br \\\/>E-post: <a href=\\\"mailto:leho@evea.ee\\\" target=\\\"_blank\\\" rel=\\\"noopener\\\">leho@evea.ee<\\\/a><\\\/div>\",\"margin\":\"default\",\"text_align\":\"left\",\"text_align_breakpoint\":\"m\",\"text_align_fallback\":\"center\"}},{\"type\":\"text\",\"props\":{\"column_breakpoint\":\"m\",\"content\":\"\n\n<div class=\\\"el-meta uk-text-muted uk-margin-top\\\">Projekti koordinaator:<\\\/div>\\n\n\n<div class=\\\"el-title uk-h5 uk-margin-small-top uk-margin-remove-bottom\\\"><strong>MARINA KAAS<\\\/strong><br \\\/>E-post: <a href=\\\"mailto:marina@evea.ee\\\" target=\\\"_blank\\\" rel=\\\"noopener\\\">marina@evea.ee<\\\/a><\\\/div>\",\"margin\":\"default\",\"text_align\":\"left\",\"text_align_breakpoint\":\"m\",\"text_align_fallback\":\"center\"}},{\"type\":\"text\",\"props\":{\"column_breakpoint\":\"m\",\"content\":\"\n\n<div class=\\\"el-meta uk-text-muted uk-margin-top\\\">Kommunikatsioon:<\\\/div>\\n\n\n<div class=\\\"el-title uk-h5 uk-margin-small-top uk-margin-remove-bottom\\\"><strong>KRISTA REBANE<\\\/strong><br \\\/>E-post: <a href=\\\"mailto:krista@evea.ee\\\" target=\\\"_blank\\\" rel=\\\"noopener\\\">krista@evea.ee<\\\/a><\\\/div>\",\"margin\":\"default\",\"text_align\":\"left\",\"text_align_breakpoint\":\"m\",\"text_align_fallback\":\"center\"}}]},{\"type\":\"column\",\"props\":{\"image_position\":\"center-center\",\"position_sticky_breakpoint\":\"m\",\"style\":\"card-default\",\"width_medium\":\"1-2\"},\"children\":[{\"type\":\"divider\",\"props\":{\"animation\":\"none\",\"divider_align\":\"left\",\"divider_align_breakpoint\":\"l\",\"divider_align_fallback\":\"center\",\"divider_element\":\"div\",\"divider_style\":\"small\",\"parallax_x\":\"150,0\"}},{\"type\":\"headline\",\"props\":{\"animation\":\"none\",\"content\":\"SAATKE MEILE KIRI:\",\"margin\":\"medium\",\"position\":\"relative\",\"position_z_index\":\"1\",\"text_align\":\"left\",\"text_align_breakpoint\":\"m\",\"text_align_fallback\":\"center\",\"title_element\":\"h4\"},\"name\":\"SAATKE MEILE KIRI\"},{\"type\":\"html\",\"props\":{\"content\":\"[contact-form-7 id=\\\"cb85968\\\" title=\\\"Saatke meile kiri\\\"]\"},\"name\":\"Kontaktide Kontaktvormi Vaade\"}]}]}],\"name\":\"Kontaktid ja meili saatmine\"},{\"type\":\"section\",\"props\":{\"image_position\":\"center-center\",\"style\":\"primary\",\"title_breakpoint\":\"xl\",\"title_position\":\"top-left\",\"title_rotation\":\"left\",\"vertical_align\":\"middle\",\"width\":\"xlarge\"},\"children\":[{\"type\":\"row\",\"props\":{\"layout\":\"2-3,1-3\"},\"children\":[{\"type\":\"column\",\"props\":{\"image_position\":\"center-center\",\"position_sticky_breakpoint\":\"m\",\"width_medium\":\"2-3\"},\"children\":[{\"type\":\"headline\",\"props\":{\"animation\":\"none\",\"content\":\"\n\n<p>Kas teil on lisak\\u00fcsimusi?<\\\/p>\\n\n\n<p>V\\u00f5tke meiega julgelt \\u00fchendust.<\\\/p>\",\"margin_remove_bottom\":true,\"position\":\"relative\",\"position_z_index\":\"1\",\"text_align\":\"left\",\"text_align_breakpoint\":\"m\",\"text_align_fallback\":\"center\",\"title_element\":\"h2\",\"title_style\":\"h2\"},\"name\":\"Jalus1 - kontaktriba\"}]},{\"type\":\"column\",\"props\":{\"image_position\":\"center-center\",\"position_sticky_breakpoint\":\"m\",\"width_medium\":\"1-3\"},\"children\":[{\"type\":\"button\",\"props\":{\"animation\":\"none\",\"button_size\":\"large\",\"fullwidth\":true,\"grid_column_gap\":\"small\",\"grid_row_gap\":\"small\",\"margin\":\"default\",\"position\":\"relative\",\"position_z_index\":\"1\",\"text_align\":\"right\",\"text_align_breakpoint\":\"m\",\"text_align_fallback\":\"center\"},\"children\":[{\"type\":\"button_item\",\"props\":{\"button_style\":\"primary\",\"content\":\"KONTAKT\",\"icon_align\":\"left\",\"link\":\"kontakt\\\/\"}}],\"name\":\"jalus2 - kontaktriba\"},{\"type\":\"button\",\"props\":{\"animation\":\"none\",\"class\":\"uusimmote\",\"fullwidth\":true,\"grid_column_gap\":\"small\",\"grid_row_gap\":\"small\",\"id\":\"uusimmote\",\"margin\":\"default\",\"position\":\"relative\",\"position_z_index\":\"1\",\"text_align\":\"right\",\"text_align_breakpoint\":\"m\",\"text_align_fallback\":\"right\"},\"children\":[{\"type\":\"button_item\",\"props\":{\"button_style\":\"text\",\"content\":\"+372 6410920\",\"icon_align\":\"left\",\"link\":\"tel:+372 6410920\"}}],\"name\":\"Jalus 3 - kontaktriba\"}]}]}]}],\"version\":\"4.4.9\"} --><\/p>\n","protected":false},"excerpt":{"rendered":"<p>ROSE-Estonia kontaktid: Projekti koordinaator: LEHO VERKE-post: leho@evea.ee Projekti koordinaator: MARINA KAASE-post: marina@evea.ee Kommunikatsioon: KRISTA REBANEE-post: krista@evea.ee SAATKE MEILE KIRI: Kas teil on lisak\u00fcsimusi? V\u00f5tke meiega julgelt \u00fchendust. KONTAKT +372 6410920<\/p>\n","protected":false},"author":1,"featured_media":1323,"parent":0,"menu_order":6,"comment_status":"open","ping_status":"open","template":"","meta":{"_acf_changed":false,"_monsterinsights_skip_tracking":false,"_monsterinsights_sitenote_active":false,"_monsterinsights_sitenote_note":"","_monsterinsights_sitenote_category":0,"footnotes":""},"class_list":["post-11993","page","type-page","status-publish","has-post-thumbnail","hentry"],"acf":[],"yoast_head":"<!-- This site is optimized with the Yoast SEO plugin v24.7 - https:\/\/yoast.com\/wordpress\/plugins\/seo\/ -->\n<title>Kontaktid | ROSE-ESTONIA<\/title>\n<meta name=\"description\" content=\"Kontaktid | ROSE-ESTONIA\" \/>\n<meta name=\"robots\" content=\"index, follow, max-snippet:-1, max-image-preview:large, max-video-preview:-1\" \/>\n<link rel=\"canonical\" href=\"https:\/\/evea.ee\/rose-estonia\/kontakt\/\" \/>\n<meta property=\"og:locale\" content=\"et_EE\" \/>\n<meta property=\"og:type\" content=\"article\" \/>\n<meta property=\"og:title\" content=\"Kontaktid | ROSE-ESTONIA\" \/>\n<meta property=\"og:description\" content=\"Kontaktid | ROSE-ESTONIA\" \/>\n<meta property=\"og:url\" content=\"https:\/\/evea.ee\/rose-estonia\/kontakt\/\" \/>\n<meta property=\"og:site_name\" content=\"ROSE-ESTONIA\" \/>\n<meta property=\"article:modified_time\" content=\"2024-10-07T22:11:11+00:00\" \/>\n<meta property=\"og:image\" content=\"https:\/\/evea.ee\/rose-estonia\/wp-content\/uploads\/2024\/03\/evea-ettevotlikvaim.jpg\" \/>\n\t<meta property=\"og:image:width\" content=\"685\" \/>\n\t<meta property=\"og:image:height\" content=\"439\" \/>\n\t<meta property=\"og:image:type\" content=\"image\/jpeg\" \/>\n<meta name=\"twitter:card\" content=\"summary_large_image\" \/>\n<meta name=\"twitter:label1\" content=\"Est. reading time\" \/>\n\t<meta name=\"twitter:data1\" content=\"1 minut\" \/>\n<script type=\"application\/ld+json\" class=\"yoast-schema-graph\">{\"@context\":\"https:\/\/schema.org\",\"@graph\":[{\"@type\":\"WebPage\",\"@id\":\"https:\/\/evea.ee\/rose-estonia\/kontakt\/\",\"url\":\"https:\/\/evea.ee\/rose-estonia\/kontakt\/\",\"name\":\"Kontaktid | ROSE-ESTONIA\",\"isPartOf\":{\"@id\":\"https:\/\/evea.ee\/rose-estonia\/#website\"},\"primaryImageOfPage\":{\"@id\":\"https:\/\/evea.ee\/rose-estonia\/kontakt\/#primaryimage\"},\"image\":{\"@id\":\"https:\/\/evea.ee\/rose-estonia\/kontakt\/#primaryimage\"},\"thumbnailUrl\":\"https:\/\/evea.ee\/rose-estonia\/wp-content\/uploads\/2024\/03\/evea-ettevotlikvaim.jpg\",\"datePublished\":\"2024-04-03T19:09:08+00:00\",\"dateModified\":\"2024-10-07T22:11:11+00:00\",\"description\":\"Kontaktid | ROSE-ESTONIA\",\"breadcrumb\":{\"@id\":\"https:\/\/evea.ee\/rose-estonia\/kontakt\/#breadcrumb\"},\"inLanguage\":\"et\",\"potentialAction\":[{\"@type\":\"ReadAction\",\"target\":[\"https:\/\/evea.ee\/rose-estonia\/kontakt\/\"]}]},{\"@type\":\"ImageObject\",\"inLanguage\":\"et\",\"@id\":\"https:\/\/evea.ee\/rose-estonia\/kontakt\/#primaryimage\",\"url\":\"https:\/\/evea.ee\/rose-estonia\/wp-content\/uploads\/2024\/03\/evea-ettevotlikvaim.jpg\",\"contentUrl\":\"https:\/\/evea.ee\/rose-estonia\/wp-content\/uploads\/2024\/03\/evea-ettevotlikvaim.jpg\",\"width\":685,\"height\":439},{\"@type\":\"BreadcrumbList\",\"@id\":\"https:\/\/evea.ee\/rose-estonia\/kontakt\/#breadcrumb\",\"itemListElement\":[{\"@type\":\"ListItem\",\"position\":1,\"name\":\"Avaleht\",\"item\":\"https:\/\/evea.ee\/rose-estonia\/\"},{\"@type\":\"ListItem\",\"position\":2,\"name\":\"Kontakt\"}]},{\"@type\":\"WebSite\",\"@id\":\"https:\/\/evea.ee\/rose-estonia\/#website\",\"url\":\"https:\/\/evea.ee\/rose-estonia\/\",\"name\":\"ROSE-ESTONIA\",\"description\":\"Eestis elavate Ukraina p\u00f5genike teekond eraettev\u00f5tlusesse\",\"potentialAction\":[{\"@type\":\"SearchAction\",\"target\":{\"@type\":\"EntryPoint\",\"urlTemplate\":\"https:\/\/evea.ee\/rose-estonia\/?s={search_term_string}\"},\"query-input\":{\"@type\":\"PropertyValueSpecification\",\"valueRequired\":true,\"valueName\":\"search_term_string\"}}],\"inLanguage\":\"et\"}]}<\/script>\n<!-- \/ Yoast SEO plugin. -->","yoast_head_json":{"title":"Kontaktid | ROSE-ESTONIA","description":"Kontaktid | ROSE-ESTONIA","robots":{"index":"index","follow":"follow","max-snippet":"max-snippet:-1","max-image-preview":"max-image-preview:large","max-video-preview":"max-video-preview:-1"},"canonical":"https:\/\/evea.ee\/rose-estonia\/kontakt\/","og_locale":"et_EE","og_type":"article","og_title":"Kontaktid | ROSE-ESTONIA","og_description":"Kontaktid | ROSE-ESTONIA","og_url":"https:\/\/evea.ee\/rose-estonia\/kontakt\/","og_site_name":"ROSE-ESTONIA","article_modified_time":"2024-10-07T22:11:11+00:00","og_image":[{"width":685,"height":439,"url":"https:\/\/evea.ee\/rose-estonia\/wp-content\/uploads\/2024\/03\/evea-ettevotlikvaim.jpg","type":"image\/jpeg"}],"twitter_card":"summary_large_image","twitter_misc":{"Est. reading time":"1 minut"},"schema":{"@context":"https:\/\/schema.org","@graph":[{"@type":"WebPage","@id":"https:\/\/evea.ee\/rose-estonia\/kontakt\/","url":"https:\/\/evea.ee\/rose-estonia\/kontakt\/","name":"Kontaktid | ROSE-ESTONIA","isPartOf":{"@id":"https:\/\/evea.ee\/rose-estonia\/#website"},"primaryImageOfPage":{"@id":"https:\/\/evea.ee\/rose-estonia\/kontakt\/#primaryimage"},"image":{"@id":"https:\/\/evea.ee\/rose-estonia\/kontakt\/#primaryimage"},"thumbnailUrl":"https:\/\/evea.ee\/rose-estonia\/wp-content\/uploads\/2024\/03\/evea-ettevotlikvaim.jpg","datePublished":"2024-04-03T19:09:08+00:00","dateModified":"2024-10-07T22:11:11+00:00","description":"Kontaktid | ROSE-ESTONIA","breadcrumb":{"@id":"https:\/\/evea.ee\/rose-estonia\/kontakt\/#breadcrumb"},"inLanguage":"et","potentialAction":[{"@type":"ReadAction","target":["https:\/\/evea.ee\/rose-estonia\/kontakt\/"]}]},{"@type":"ImageObject","inLanguage":"et","@id":"https:\/\/evea.ee\/rose-estonia\/kontakt\/#primaryimage","url":"https:\/\/evea.ee\/rose-estonia\/wp-content\/uploads\/2024\/03\/evea-ettevotlikvaim.jpg","contentUrl":"https:\/\/evea.ee\/rose-estonia\/wp-content\/uploads\/2024\/03\/evea-ettevotlikvaim.jpg","width":685,"height":439},{"@type":"BreadcrumbList","@id":"https:\/\/evea.ee\/rose-estonia\/kontakt\/#breadcrumb","itemListElement":[{"@type":"ListItem","position":1,"name":"Avaleht","item":"https:\/\/evea.ee\/rose-estonia\/"},{"@type":"ListItem","position":2,"name":"Kontakt"}]},{"@type":"WebSite","@id":"https:\/\/evea.ee\/rose-estonia\/#website","url":"https:\/\/evea.ee\/rose-estonia\/","name":"ROSE-ESTONIA","description":"Eestis elavate Ukraina p\u00f5genike teekond eraettev\u00f5tlusesse","potentialAction":[{"@type":"SearchAction","target":{"@type":"EntryPoint","urlTemplate":"https:\/\/evea.ee\/rose-estonia\/?s={search_term_string}"},"query-input":{"@type":"PropertyValueSpecification","valueRequired":true,"valueName":"search_term_string"}}],"inLanguage":"et"}]}},"_links":{"self":[{"href":"https:\/\/evea.ee\/rose-estonia\/wp-json\/wp\/v2\/pages\/11993","targetHints":{"allow":["GET"]}}],"collection":[{"href":"https:\/\/evea.ee\/rose-estonia\/wp-json\/wp\/v2\/pages"}],"about":[{"href":"https:\/\/evea.ee\/rose-estonia\/wp-json\/wp\/v2\/types\/page"}],"author":[{"embeddable":true,"href":"https:\/\/evea.ee\/rose-estonia\/wp-json\/wp\/v2\/users\/1"}],"replies":[{"embeddable":true,"href":"https:\/\/evea.ee\/rose-estonia\/wp-json\/wp\/v2\/comments?post=11993"}],"version-history":[{"count":5,"href":"https:\/\/evea.ee\/rose-estonia\/wp-json\/wp\/v2\/pages\/11993\/revisions"}],"predecessor-version":[{"id":16406,"href":"https:\/\/evea.ee\/rose-estonia\/wp-json\/wp\/v2\/pages\/11993\/revisions\/16406"}],"wp:featuredmedia":[{"embeddable":true,"href":"https:\/\/evea.ee\/rose-estonia\/wp-json\/wp\/v2\/media\/1323"}],"wp:attachment":[{"href":"https:\/\/evea.ee\/rose-estonia\/wp-json\/wp\/v2\/media?parent=11993"}],"curies":[{"name":"wp","href":"https:\/\/api.w.org\/{rel}","templated":true}]}}